{"id":1455,"date":"2023-07-27T04:30:38","date_gmt":"2023-07-27T04:30:38","guid":{"rendered":"https:\/\/ingenieroconstructor.cl\/iconstructor\/?page_id=1455"},"modified":"2025-08-17T14:54:17","modified_gmt":"2025-08-17T14:54:17","slug":"correos-profesionales","status":"publish","type":"page","link":"https:\/\/ingenieroconstructor.cl\/iconstructor\/?page_id=1455","title":{"rendered":"Correos Profesionales"},"content":{"rendered":"\t\t<div data-elementor-type=\"wp-page\" data-elementor-id=\"1455\" class=\"elementor elementor-1455\">\n\t\t\t\t\t\t<section class=\"elementor-section elementor-top-section elementor-element elementor-element-4d05bb76 elementor-section-content-middle elementor-section-full_width elementor-section-height-full elementor-section-height-default elementor-section-items-middle\" data-id=\"4d05bb76\" data-element_type=\"section\">\n\t\t\t\t\t\t<div class=\"elementor-container elementor-column-gap-no\">\n\t\t\t\t\t<div class=\"elementor-column elementor-col-100 elementor-top-column elementor-element elementor-element-44a41545\" data-id=\"44a41545\" data-element_type=\"column\">\n\t\t\t<div class=\"elementor-widget-wrap elementor-element-populated\">\n\t\t\t\t\t\t<div class=\"elementor-element elementor-element-475623d9 elementor-widget elementor-widget-image\" data-id=\"475623d9\" data-element_type=\"widget\" data-widget_type=\"image.default\">\n\t\t\t\t<div class=\"elementor-widget-container\">\n\t\t\t\t\t\t\t\t\t\t\t\t\t\t\t<img fetchpriority=\"high\" decoding=\"async\" width=\"1160\" height=\"520\" src=\"https:\/\/ingenieroconstructor.cl\/iconstructor\/wp-content\/uploads\/2023\/07\/correo-ingeniero-constructor-constructorcivil.png\" class=\"attachment-full size-full wp-image-1565\" alt=\"\" srcset=\"https:\/\/ingenieroconstructor.cl\/iconstructor\/wp-content\/uploads\/2023\/07\/correo-ingeniero-constructor-constructorcivil.png 1160w, https:\/\/ingenieroconstructor.cl\/iconstructor\/wp-content\/uploads\/2023\/07\/correo-ingeniero-constructor-constructorcivil-50x22.png 50w, https:\/\/ingenieroconstructor.cl\/iconstructor\/wp-content\/uploads\/2023\/07\/correo-ingeniero-constructor-constructorcivil-100x45.png 100w, https:\/\/ingenieroconstructor.cl\/iconstructor\/wp-content\/uploads\/2023\/07\/correo-ingeniero-constructor-constructorcivil-300x134.png 300w, https:\/\/ingenieroconstructor.cl\/iconstructor\/wp-content\/uploads\/2023\/07\/correo-ingeniero-constructor-constructorcivil-1024x459.png 1024w, https:\/\/ingenieroconstructor.cl\/iconstructor\/wp-content\/uploads\/2023\/07\/correo-ingeniero-constructor-constructorcivil-768x344.png 768w\" sizes=\"(max-width: 1160px) 100vw, 1160px\" \/>\t\t\t\t\t\t\t\t\t\t\t\t\t\t\t<\/div>\n\t\t\t\t<\/div>\n\t\t\t\t<div class=\"elementor-element elementor-element-5e778aa4 elementor-widget elementor-widget-text-editor\" data-id=\"5e778aa4\" data-element_type=\"widget\" data-widget_type=\"text-editor.default\">\n\t\t\t\t<div class=\"elementor-widget-container\">\n\t\t\t\t\t\t\t\t\t<h3 data-start=\"130\" data-end=\"161\">Uso del correo comunitario<\/h3>\n<p data-start=\"163\" data-end=\"283\">Para acceder al <strong data-start=\"179\" data-end=\"201\">correo profesional<\/strong>, es requisito estar al d\u00eda con el pago de la <strong data-start=\"247\" data-end=\"280\">cuota mensual de la comunidad<\/strong>.<\/p>\n<ul data-start=\"285\" data-end=\"810\">\n<li data-start=\"285\" data-end=\"480\">\n<p data-start=\"287\" data-end=\"480\"><strong data-start=\"287\" data-end=\"307\">Usuarios nuevos:<\/strong> deben registrarse y realizar el pago en el enlace Usuarios nuevos. En un plazo m\u00e1ximo de <strong data-start=\"397\" data-end=\"409\">48 horas<\/strong> tras el pago, recibir\u00e1n por correo electr\u00f3nico sus claves de acceso.<\/p>\n<\/li>\n<li data-start=\"481\" data-end=\"703\">\n<p data-start=\"483\" data-end=\"703\"><strong data-start=\"483\" data-end=\"498\">Validaci\u00f3n:<\/strong> dentro de los primeros <strong data-start=\"522\" data-end=\"533\">30 d\u00edas<\/strong>, cada usuario nuevo deber\u00e1 enviar su <strong data-start=\"571\" data-end=\"621\">certificado de t\u00edtulo, egreso o alumno regular<\/strong>, que acredite su vinvulacion con la profesion.<\/p>\n<\/li>\n<li data-start=\"704\" data-end=\"810\">\n<p data-start=\"706\" data-end=\"810\"><strong data-start=\"706\" data-end=\"719\">Vigencia:<\/strong> el servicio de correo se mantendr\u00e1 activo mientras las cuotas comunitarias est\u00e9n al d\u00eda.<\/p>\n<\/li>\n<\/ul>\n<p data-start=\"812\" data-end=\"1053\">El <strong data-start=\"815\" data-end=\"839\">correo personalizado<\/strong> te otorgar\u00e1 una <strong data-start=\"856\" data-end=\"881\">identidad profesional<\/strong> en todas tus comunicaciones, adem\u00e1s de acceso a herramientas como <strong data-start=\"948\" data-end=\"1027\">Calendario, Meet, Chat, Drive, Documentos, Hojas de c\u00e1lculo, Presentaciones<\/strong>, entre otros servicios.<\/p>\n<p data-start=\"812\" data-end=\"1053\">Correos Disponibles:&nbsp;&nbsp;<span style=\"font-style: inherit; font-weight: inherit;\">nombre@ingenieroconstructor.cl&nbsp; &nbsp; &nbsp;<\/span><span style=\"font-style: inherit; font-weight: inherit;\">nombre@constructorcivil.cl<\/span><\/p>\n<p data-start=\"812\" data-end=\"1053\">\n<\/p>\t\t\t\t\t\t\t\t<\/div>\n\t\t\t\t<\/div>\n\t\t\t\t\t<\/div>\n\t\t<\/div>\n\t\t\t\t\t<\/div>\n\t\t<\/section>\n\t\t\t\t<\/div>\n\t\t","protected":false},"excerpt":{"rendered":"<p>Uso del correo comunitario Para acceder al correo profesional, es requisito estar al d\u00eda con el pago de la cuota mensual de la comunidad. Usuarios nuevos: deben registrarse y realizar el pago en el enlace Usuarios nuevos. En un plazo m\u00e1ximo de 48 horas tras el pago, recibir\u00e1n por correo electr\u00f3nico sus claves de acceso. [&hellip;]<\/p>\n","protected":false},"author":1,"featured_media":0,"parent":0,"menu_order":0,"comment_status":"closed","ping_status":"closed","template":"","meta":{"om_disable_all_campaigns":false,"_monsterinsights_skip_tracking":false,"_monsterinsights_sitenote_active":false,"_monsterinsights_sitenote_note":"","_monsterinsights_sitenote_category":0,"site-sidebar-layout":"no-sidebar","site-content-layout":"page-builder","ast-site-content-layout":"normal-width-container","site-content-style":"unboxed","site-sidebar-style":"unboxed","ast-global-header-display":"","ast-banner-title-visibility":"","ast-main-header-display":"","ast-hfb-above-header-display":"","ast-hfb-below-header-display":"","ast-hfb-mobile-header-display":"","site-post-title":"disabled","ast-breadcrumbs-content":"","ast-featured-img":"disabled","footer-sml-layout":"","theme-transparent-header-meta":"default","adv-header-id-meta":"","stick-header-meta":"","header-above-stick-meta":"","header-main-stick-meta":"","header-below-stick-meta":"","astra-migrate-meta-layouts":"set","ast-page-background-enabled":"default","ast-page-background-meta":{"desktop":{"background-color":"","background-image":"","background-repeat":"repeat","background-position":"center center","background-size":"auto","background-attachment":"scroll","background-type":"","background-media":"","overlay-type":"","overlay-color":"","overlay-opacity":"","overlay-gradient":""},"tablet":{"background-color":"","background-image":"","background-repeat":"repeat","background-position":"center center","background-size":"auto","background-attachment":"scroll","background-type":"","background-media":"","overlay-type":"","overlay-color":"","overlay-opacity":"","overlay-gradient":""},"mobile":{"background-color":"","background-image":"","background-repeat":"repeat","background-position":"center center","background-size":"auto","background-attachment":"scroll","background-type":"","background-media":"","overlay-type":"","overlay-color":"","overlay-opacity":"","overlay-gradient":""}},"ast-content-background-meta":{"desktop":{"background-color":"var(--ast-global-color-5)","background-image":"","background-repeat":"repeat","background-position":"center center","background-size":"auto","background-attachment":"scroll","background-type":"","background-media":"","overlay-type":"","overlay-color":"","overlay-opacity":"","overlay-gradient":""},"tablet":{"background-color":"var(--ast-global-color-5)","background-image":"","background-repeat":"repeat","background-position":"center center","background-size":"auto","background-attachment":"scroll","background-type":"","background-media":"","overlay-type":"","overlay-color":"","overlay-opacity":"","overlay-gradient":""},"mobile":{"background-color":"var(--ast-global-color-5)","background-image":"","background-repeat":"repeat","background-position":"center center","background-size":"auto","background-attachment":"scroll","background-type":"","background-media":"","overlay-type":"","overlay-color":"","overlay-opacity":"","overlay-gradient":""}},"footnotes":""},"class_list":["post-1455","page","type-page","status-publish","hentry"],"aioseo_notices":[],"jetpack_sharing_enabled":true,"_links":{"self":[{"href":"https:\/\/ingenieroconstructor.cl\/iconstructor\/index.php?rest_route=\/wp\/v2\/pages\/1455","targetHints":{"allow":["GET"]}}],"collection":[{"href":"https:\/\/ingenieroconstructor.cl\/iconstructor\/index.php?rest_route=\/wp\/v2\/pages"}],"about":[{"href":"https:\/\/ingenieroconstructor.cl\/iconstructor\/index.php?rest_route=\/wp\/v2\/types\/page"}],"author":[{"embeddable":true,"href":"https:\/\/ingenieroconstructor.cl\/iconstructor\/index.php?rest_route=\/wp\/v2\/users\/1"}],"replies":[{"embeddable":true,"href":"https:\/\/ingenieroconstructor.cl\/iconstructor\/index.php?rest_route=%2Fwp%2Fv2%2Fcomments&post=1455"}],"version-history":[{"count":36,"href":"https:\/\/ingenieroconstructor.cl\/iconstructor\/index.php?rest_route=\/wp\/v2\/pages\/1455\/revisions"}],"predecessor-version":[{"id":2102,"href":"https:\/\/ingenieroconstructor.cl\/iconstructor\/index.php?rest_route=\/wp\/v2\/pages\/1455\/revisions\/2102"}],"wp:attachment":[{"href":"https:\/\/ingenieroconstructor.cl\/iconstructor\/index.php?rest_route=%2Fwp%2Fv2%2Fmedia&parent=1455"}],"curies":[{"name":"wp","href":"https:\/\/api.w.org\/{rel}","templated":true}]}}