{"id":1356,"date":"2021-02-02T08:21:45","date_gmt":"2021-02-02T08:21:45","guid":{"rendered":"https:\/\/ingenieroconstructor.cl\/iconstructor\/about\/"},"modified":"2025-07-17T03:27:10","modified_gmt":"2025-07-17T03:27:10","slug":"nosotros","status":"publish","type":"page","link":"https:\/\/ingenieroconstructor.cl\/iconstructor\/?page_id=1356","title":{"rendered":"Nosotros"},"content":{"rendered":"\t\t<div data-elementor-type=\"wp-page\" data-elementor-id=\"1356\" class=\"elementor elementor-1356\">\n\t\t\t\t\t\t<section class=\"elementor-section elementor-top-section elementor-element elementor-element-4130c40 elementor-section-boxed elementor-section-height-default elementor-section-height-default\" data-id=\"4130c40\" data-element_type=\"section\" data-settings=\"{&quot;background_background&quot;:&quot;classic&quot;}\">\n\t\t\t\t\t\t<div class=\"elementor-container elementor-column-gap-no\">\n\t\t\t\t\t<div class=\"elementor-column elementor-col-100 elementor-top-column elementor-element elementor-element-572841d\" data-id=\"572841d\" data-element_type=\"column\">\n\t\t\t<div class=\"elementor-widget-wrap elementor-element-populated\">\n\t\t\t\t\t\t<div class=\"elementor-element elementor-element-befb95a elementor-widget elementor-widget-image\" data-id=\"befb95a\" data-element_type=\"widget\" data-widget_type=\"image.default\">\n\t\t\t\t<div class=\"elementor-widget-container\">\n\t\t\t\t\t\t\t\t\t\t\t\t\t\t\t<img fetchpriority=\"high\" decoding=\"async\" width=\"1024\" height=\"261\" src=\"https:\/\/ingenieroconstructor.cl\/iconstructor\/wp-content\/uploads\/2023\/07\/comunidad-transparente-1024x261.png\" class=\"attachment-large size-large wp-image-1634\" alt=\"\" srcset=\"https:\/\/ingenieroconstructor.cl\/iconstructor\/wp-content\/uploads\/2023\/07\/comunidad-transparente-1024x261.png 1024w, https:\/\/ingenieroconstructor.cl\/iconstructor\/wp-content\/uploads\/2023\/07\/comunidad-transparente-50x13.png 50w, https:\/\/ingenieroconstructor.cl\/iconstructor\/wp-content\/uploads\/2023\/07\/comunidad-transparente-100x25.png 100w, https:\/\/ingenieroconstructor.cl\/iconstructor\/wp-content\/uploads\/2023\/07\/comunidad-transparente-300x76.png 300w, https:\/\/ingenieroconstructor.cl\/iconstructor\/wp-content\/uploads\/2023\/07\/comunidad-transparente-768x196.png 768w, https:\/\/ingenieroconstructor.cl\/iconstructor\/wp-content\/uploads\/2023\/07\/comunidad-transparente.png 1178w\" sizes=\"(max-width: 1024px) 100vw, 1024px\" \/>\t\t\t\t\t\t\t\t\t\t\t\t\t\t\t<\/div>\n\t\t\t\t<\/div>\n\t\t\t\t<div class=\"elementor-element elementor-element-de89e1a elementor-widget elementor-widget-heading\" data-id=\"de89e1a\" data-element_type=\"widget\" data-widget_type=\"heading.default\">\n\t\t\t\t<div class=\"elementor-widget-container\">\n\t\t\t\t\t<h5 class=\"elementor-heading-title elementor-size-default\">Nosotros<\/h5>\t\t\t\t<\/div>\n\t\t\t\t<\/div>\n\t\t\t\t<div class=\"elementor-element elementor-element-81bd81a elementor-widget-divider--view-line elementor-widget elementor-widget-divider\" data-id=\"81bd81a\" data-element_type=\"widget\" data-widget_type=\"divider.default\">\n\t\t\t\t<div class=\"elementor-widget-container\">\n\t\t\t\t\t\t\t<div class=\"elementor-divider\">\n\t\t\t<span class=\"elementor-divider-separator\">\n\t\t\t\t\t\t<\/span>\n\t\t<\/div>\n\t\t\t\t\t\t<\/div>\n\t\t\t\t<\/div>\n\t\t\t\t<div class=\"elementor-element elementor-element-1aa2a02 elementor-widget__width-initial elementor-widget elementor-widget-text-editor\" data-id=\"1aa2a02\" data-element_type=\"widget\" data-widget_type=\"text-editor.default\">\n\t\t\t\t<div class=\"elementor-widget-container\">\n\t\t\t\t\t\t\t\t\t<p>Nuestra comunidad surge en el a\u00f1o 2005, como una iniciativa de estudiantes de la carrera de Ingenier\u00eda en Construcci\u00f3n y Construcci\u00f3n Civil de la UNAB, UTEM, USACH e INACAP Desde entonces, se han incorporado profesionales de todas las casas de estudio chilenas, nuestro principal objetivo ha sido enaltecer y destacar nuestra profesi\u00f3n, as\u00ed como crear una red de contactos y servicios de inter\u00e9s com\u00fan para todos los involucrados.<\/p>\t\t\t\t\t\t\t\t<\/div>\n\t\t\t\t<\/div>\n\t\t\t\t<div class=\"elementor-element elementor-element-cf692a0 elementor-widget elementor-widget-text-editor\" data-id=\"cf692a0\" data-element_type=\"widget\" data-widget_type=\"text-editor.default\">\n\t\t\t\t<div class=\"elementor-widget-container\">\n\t\t\t\t\t\t\t\t\t<p>En la actualidad, nuestra comunidad cuenta con cinco categor\u00edas de socios, cada una destinada a abarcar diferentes etapas y niveles de experiencia dentro de nuestra profesi\u00f3n:<\/p><p><strong>\u00a0<\/strong><img decoding=\"async\" class=\"wp-image-1808 alignleft\" style=\"font-weight: inherit;\" src=\"https:\/\/ingenieroconstructor.cl\/iconstructor\/wp-content\/uploads\/2025\/07\/INSIGNIA-SOCIO-FUNDADOR-300x300.png\" alt=\"\" width=\"127\" height=\"127\" srcset=\"https:\/\/ingenieroconstructor.cl\/iconstructor\/wp-content\/uploads\/2025\/07\/INSIGNIA-SOCIO-FUNDADOR-300x300.png 300w, https:\/\/ingenieroconstructor.cl\/iconstructor\/wp-content\/uploads\/2025\/07\/INSIGNIA-SOCIO-FUNDADOR-50x50.png 50w, https:\/\/ingenieroconstructor.cl\/iconstructor\/wp-content\/uploads\/2025\/07\/INSIGNIA-SOCIO-FUNDADOR-100x100.png 100w, https:\/\/ingenieroconstructor.cl\/iconstructor\/wp-content\/uploads\/2025\/07\/INSIGNIA-SOCIO-FUNDADOR-150x150.png 150w, https:\/\/ingenieroconstructor.cl\/iconstructor\/wp-content\/uploads\/2025\/07\/INSIGNIA-SOCIO-FUNDADOR.png 509w\" sizes=\"(max-width: 127px) 100vw, 127px\" \/><strong style=\"font-size: 16px;\">S<\/strong><strong style=\"font-size: 16px;\">o<\/strong><strong style=\"font-size: 16px;\">cio Fundador:<\/strong><span style=\"font-size: 16px;\"> Este t\u00edtulo se otorga a los Constructores Civiles o Ingenieros Co<\/span><span style=\"font-size: 16px;\">nstructores que fundaron nuestra comunidad en 2005 y, desde entonces, han sido su sost\u00e9n y patrocinadores. Son pilares fundamentales en nuestro crecimiento, cuyo compromiso y aporte han sido clave para fortalecer y consolidar nuestra red profesional a lo largo de los a\u00f1os.<\/span><\/p><p><span style=\"font-weight: bold;\">Socio Honorario:\u00a0<\/span><span style=\"font-size: 1rem;\">Categor\u00eda destinada a Ingenieros Constructores o Constructores Civiles que se incorporan a nuestra comunidad en reconocimiento a su destacada trayectoria y contribuci\u00f3n en distintas \u00e1reas de la construcci\u00f3n, ya sea en el \u00e1mbito profesional, la docencia, la investigaci\u00f3n, el mundo empresarial o el servicio p\u00fablico. Su participaci\u00f3n honra y enriquece nuestra red, aportando experiencia, conocimiento y liderazgo.<\/span><\/p><p><strong>Socio Senior:<\/strong>\u00a0Categor\u00eda que reconoce a todos los miembros de nuestra comunidad con m\u00e1s de 10 a\u00f1os de permanencia activa. Su trayectoria, compromiso y aporte continuo los convierten en referentes valiosos, contribuyendo al fortalecimiento y desarrollo sostenido de nuestra red profesional.<\/p><p><strong>Socio :<\/strong> Aqu\u00ed se encuentran los Constructores Civiles o Ingenieros Constructores que llevan entre 0 y 10 a\u00f1os en nuestra comunidad.\u00a0<\/p><p><strong>Socio Estudiante:<\/strong> Extendemos una c\u00e1lida bienvenida a los estudiantes y egresados de las carreras de Construcci\u00f3n Civil e Ingenier\u00eda en Construcci\u00f3n. Reconocemos la importancia de la participaci\u00f3n temprana y la integraci\u00f3n de nuevos talentos en nuestro gremio.<\/p><p>Como comunidad, estamos emocionados por el futuro y las oportunidades que nos esperan. Invitamos a todos los interesados a unirse a nosotros y ser parte de esta red en constante crecimiento. Juntos, continuaremos potenciando y resaltando nuestra profesi\u00f3n, fomentando el intercambio de conocimientos y experiencias, y trabajando en pro del desarrollo colectivo en el campo de la Ingenier\u00eda en Construcci\u00f3n y Construcci\u00f3n Civil.<\/p><p>\u00a1Gracias por ser parte de nuestra comunidad!cincop\u00a0<\/p>\t\t\t\t\t\t\t\t<\/div>\n\t\t\t\t<\/div>\n\t\t\t\t\t<\/div>\n\t\t<\/div>\n\t\t\t\t\t<\/div>\n\t\t<\/section>\n\t\t\t\t<\/div>\n\t\t","protected":false},"excerpt":{"rendered":"<p>Nosotros Nuestra comunidad surge en el a\u00f1o 2005, como una iniciativa de estudiantes de la carrera de Ingenier\u00eda en Construcci\u00f3n y Construcci\u00f3n Civil de la UNAB, UTEM, USACH e INACAP Desde entonces, se han incorporado profesionales de todas las casas de estudio chilenas, nuestro principal objetivo ha sido enaltecer y destacar nuestra profesi\u00f3n, as\u00ed como [&hellip;]<\/p>\n","protected":false},"author":1,"featured_media":0,"parent":0,"menu_order":0,"comment_status":"closed","ping_status":"closed","template":"elementor_header_footer","meta":{"om_disable_all_campaigns":false,"_monsterinsights_skip_tracking":false,"_monsterinsights_sitenote_active":false,"_monsterinsights_sitenote_note":"","_monsterinsights_sitenote_category":0,"site-sidebar-layout":"no-sidebar","site-content-layout":"page-builder","ast-site-content-layout":"default","site-content-style":"default","site-sidebar-style":"default","ast-global-header-display":"","ast-banner-title-visibility":"","ast-main-header-display":"","ast-hfb-above-header-display":"","ast-hfb-below-header-display":"","ast-hfb-mobile-header-display":"","site-post-title":"disabled","ast-breadcrumbs-content":"disabled","ast-featured-img":"disabled","footer-sml-layout":"","theme-transparent-header-meta":"enabled","adv-header-id-meta":"","stick-header-meta":"","header-above-stick-meta":"","header-main-stick-meta":"","header-below-stick-meta":"","astra-migrate-meta-layouts":"default","ast-page-background-enabled":"default","ast-page-background-meta":{"desktop":{"background-color":"","background-image":"","background-repeat":"repeat","background-position":"center center","background-size":"auto","background-attachment":"scroll","background-type":"","background-media":"","overlay-type":"","overlay-color":"","overlay-opacity":"","overlay-gradient":""},"tablet":{"background-color":"","background-image":"","background-repeat":"repeat","background-position":"center center","background-size":"auto","background-attachment":"scroll","background-type":"","background-media":"","overlay-type":"","overlay-color":"","overlay-opacity":"","overlay-gradient":""},"mobile":{"background-color":"","background-image":"","background-repeat":"repeat","background-position":"center center","background-size":"auto","background-attachment":"scroll","background-type":"","background-media":"","overlay-type":"","overlay-color":"","overlay-opacity":"","overlay-gradient":""}},"ast-content-background-meta":{"desktop":{"background-color":"var(--ast-global-color-5)","background-image":"","background-repeat":"repeat","background-position":"center center","background-size":"auto","background-attachment":"scroll","background-type":"","background-media":"","overlay-type":"","overlay-color":"","overlay-opacity":"","overlay-gradient":""},"tablet":{"background-color":"var(--ast-global-color-5)","background-image":"","background-repeat":"repeat","background-position":"center center","background-size":"auto","background-attachment":"scroll","background-type":"","background-media":"","overlay-type":"","overlay-color":"","overlay-opacity":"","overlay-gradient":""},"mobile":{"background-color":"var(--ast-global-color-5)","background-image":"","background-repeat":"repeat","background-position":"center center","background-size":"auto","background-attachment":"scroll","background-type":"","background-media":"","overlay-type":"","overlay-color":"","overlay-opacity":"","overlay-gradient":""}},"footnotes":""},"class_list":["post-1356","page","type-page","status-publish","hentry"],"aioseo_notices":[],"jetpack_sharing_enabled":true,"_links":{"self":[{"href":"https:\/\/ingenieroconstructor.cl\/iconstructor\/index.php?rest_route=\/wp\/v2\/pages\/1356","targetHints":{"allow":["GET"]}}],"collection":[{"href":"https:\/\/ingenieroconstructor.cl\/iconstructor\/index.php?rest_route=\/wp\/v2\/pages"}],"about":[{"href":"https:\/\/ingenieroconstructor.cl\/iconstructor\/index.php?rest_route=\/wp\/v2\/types\/page"}],"author":[{"embeddable":true,"href":"https:\/\/ingenieroconstructor.cl\/iconstructor\/index.php?rest_route=\/wp\/v2\/users\/1"}],"replies":[{"embeddable":true,"href":"https:\/\/ingenieroconstructor.cl\/iconstructor\/index.php?rest_route=%2Fwp%2Fv2%2Fcomments&post=1356"}],"version-history":[{"count":57,"href":"https:\/\/ingenieroconstructor.cl\/iconstructor\/index.php?rest_route=\/wp\/v2\/pages\/1356\/revisions"}],"predecessor-version":[{"id":1812,"href":"https:\/\/ingenieroconstructor.cl\/iconstructor\/index.php?rest_route=\/wp\/v2\/pages\/1356\/revisions\/1812"}],"wp:attachment":[{"href":"https:\/\/ingenieroconstructor.cl\/iconstructor\/index.php?rest_route=%2Fwp%2Fv2%2Fmedia&parent=1356"}],"curies":[{"name":"wp","href":"https:\/\/api.w.org\/{rel}","templated":true}]}}