{"id":1355,"date":"2021-02-02T08:21:22","date_gmt":"2021-02-02T08:21:22","guid":{"rendered":"https:\/\/ingenieroconstructor.cl\/iconstructor\/home\/"},"modified":"2026-03-14T03:09:39","modified_gmt":"2026-03-14T03:09:39","slug":"home","status":"publish","type":"page","link":"https:\/\/ingenieroconstructor.cl\/iconstructor\/","title":{"rendered":"Home"},"content":{"rendered":"\t\t<div data-elementor-type=\"wp-page\" data-elementor-id=\"1355\" class=\"elementor elementor-1355\">\n\t\t\t\t\t\t<section class=\"elementor-section elementor-top-section elementor-element elementor-element-57645cd elementor-section-boxed elementor-section-height-default elementor-section-height-default\" data-id=\"57645cd\" data-element_type=\"section\" data-settings=\"{&quot;background_background&quot;:&quot;classic&quot;}\">\n\t\t\t\t\t\t<div class=\"elementor-container elementor-column-gap-default\">\n\t\t\t\t\t<div class=\"elementor-column elementor-col-33 elementor-top-column elementor-element elementor-element-fec4303\" data-id=\"fec4303\" data-element_type=\"column\">\n\t\t\t<div class=\"elementor-widget-wrap elementor-element-populated\">\n\t\t\t\t\t\t<div class=\"elementor-element elementor-element-8363f9b elementor-align-left elementor-hidden-phone elementor-icon-list--layout-traditional elementor-list-item-link-full_width elementor-widget elementor-widget-icon-list\" data-id=\"8363f9b\" data-element_type=\"widget\" data-widget_type=\"icon-list.default\">\n\t\t\t\t<div class=\"elementor-widget-container\">\n\t\t\t\t\t\t\t<ul class=\"elementor-icon-list-items\">\n\t\t\t\t\t\t\t<li class=\"elementor-icon-list-item\">\n\t\t\t\t\t\t\t\t\t\t\t<a href=\"https:\/\/www.linkedin.com\/company\/ingenieroconstructor-cl\/?viewAsMember=true\">\n\n\t\t\t\t\t\t\t\t\t\t\t\t<span class=\"elementor-icon-list-icon\">\n\t\t\t\t\t\t\t<i aria-hidden=\"true\" class=\"fab fa-linkedin-in\"><\/i>\t\t\t\t\t\t<\/span>\n\t\t\t\t\t\t\t\t\t\t<span class=\"elementor-icon-list-text\"><\/span>\n\t\t\t\t\t\t\t\t\t\t\t<\/a>\n\t\t\t\t\t\t\t\t\t<\/li>\n\t\t\t\t\t\t\t\t<li class=\"elementor-icon-list-item\">\n\t\t\t\t\t\t\t\t\t\t\t<a href=\"https:\/\/web.facebook.com\/ingenieroconstructror.cl\/\">\n\n\t\t\t\t\t\t\t\t\t\t\t\t<span class=\"elementor-icon-list-icon\">\n\t\t\t\t\t\t\t<i aria-hidden=\"true\" class=\"fab fa-facebook\"><\/i>\t\t\t\t\t\t<\/span>\n\t\t\t\t\t\t\t\t\t\t<span class=\"elementor-icon-list-text\"><\/span>\n\t\t\t\t\t\t\t\t\t\t\t<\/a>\n\t\t\t\t\t\t\t\t\t<\/li>\n\t\t\t\t\t\t\t\t<li class=\"elementor-icon-list-item\">\n\t\t\t\t\t\t\t\t\t\t\t<a href=\"https:\/\/www.tiktok.com\/@ingenieroconstructor.cl\">\n\n\t\t\t\t\t\t\t\t\t\t\t\t<span class=\"elementor-icon-list-icon\">\n\t\t\t\t\t\t\t<i aria-hidden=\"true\" class=\"fab fa-tiktok\"><\/i>\t\t\t\t\t\t<\/span>\n\t\t\t\t\t\t\t\t\t\t<span class=\"elementor-icon-list-text\"><\/span>\n\t\t\t\t\t\t\t\t\t\t\t<\/a>\n\t\t\t\t\t\t\t\t\t<\/li>\n\t\t\t\t\t\t\t\t<li class=\"elementor-icon-list-item\">\n\t\t\t\t\t\t\t\t\t\t\t<a href=\"https:\/\/www.instagram.com\/ingenieroconstructor_cl\/\">\n\n\t\t\t\t\t\t\t\t\t\t\t\t<span class=\"elementor-icon-list-icon\">\n\t\t\t\t\t\t\t<i aria-hidden=\"true\" class=\"fab fa-instagram\"><\/i>\t\t\t\t\t\t<\/span>\n\t\t\t\t\t\t\t\t\t\t<span class=\"elementor-icon-list-text\"><\/span>\n\t\t\t\t\t\t\t\t\t\t\t<\/a>\n\t\t\t\t\t\t\t\t\t<\/li>\n\t\t\t\t\t\t\t\t<li class=\"elementor-icon-list-item\">\n\t\t\t\t\t\t\t\t\t\t\t<a href=\"https:\/\/www.youtube.com\/@Ingenieroconstructor_cl\">\n\n\t\t\t\t\t\t\t\t\t\t\t\t<span class=\"elementor-icon-list-icon\">\n\t\t\t\t\t\t\t<i aria-hidden=\"true\" class=\"fab fa-youtube\"><\/i>\t\t\t\t\t\t<\/span>\n\t\t\t\t\t\t\t\t\t\t<span class=\"elementor-icon-list-text\"><\/span>\n\t\t\t\t\t\t\t\t\t\t\t<\/a>\n\t\t\t\t\t\t\t\t\t<\/li>\n\t\t\t\t\t\t<\/ul>\n\t\t\t\t\t\t<\/div>\n\t\t\t\t<\/div>\n\t\t\t\t\t<\/div>\n\t\t<\/div>\n\t\t\t\t<div class=\"elementor-column elementor-col-33 elementor-top-column elementor-element elementor-element-457d214\" data-id=\"457d214\" data-element_type=\"column\">\n\t\t\t<div class=\"elementor-widget-wrap elementor-element-populated\">\n\t\t\t\t\t\t<div class=\"elementor-element elementor-element-5cf1512 elementor-widget elementor-widget-image\" data-id=\"5cf1512\" data-element_type=\"widget\" data-widget_type=\"image.default\">\n\t\t\t\t<div class=\"elementor-widget-container\">\n\t\t\t\t\t\t\t\t\t\t\t\t\t\t\t<img fetchpriority=\"high\" decoding=\"async\" width=\"645\" height=\"925\" src=\"https:\/\/ingenieroconstructor.cl\/iconstructor\/wp-content\/uploads\/2023\/07\/rostro-4-ic.png\" class=\"attachment-large size-large wp-image-1539\" alt=\"\" srcset=\"https:\/\/ingenieroconstructor.cl\/iconstructor\/wp-content\/uploads\/2023\/07\/rostro-4-ic.png 645w, https:\/\/ingenieroconstructor.cl\/iconstructor\/wp-content\/uploads\/2023\/07\/rostro-4-ic-50x72.png 50w, https:\/\/ingenieroconstructor.cl\/iconstructor\/wp-content\/uploads\/2023\/07\/rostro-4-ic-100x143.png 100w, https:\/\/ingenieroconstructor.cl\/iconstructor\/wp-content\/uploads\/2023\/07\/rostro-4-ic-209x300.png 209w\" sizes=\"(max-width: 645px) 100vw, 645px\" \/>\t\t\t\t\t\t\t\t\t\t\t\t\t\t\t<\/div>\n\t\t\t\t<\/div>\n\t\t\t\t\t<\/div>\n\t\t<\/div>\n\t\t\t\t<div class=\"elementor-column elementor-col-33 elementor-top-column elementor-element elementor-element-b1f32fb\" data-id=\"b1f32fb\" data-element_type=\"column\">\n\t\t\t<div class=\"elementor-widget-wrap elementor-element-populated\">\n\t\t\t\t\t\t<div class=\"elementor-element elementor-element-f428972 elementor-widget elementor-widget-heading\" data-id=\"f428972\" data-element_type=\"widget\" data-widget_type=\"heading.default\">\n\t\t\t\t<div class=\"elementor-widget-container\">\n\t\t\t\t\t<h1 class=\"elementor-heading-title elementor-size-xl\">Unimos a la Comunidad Profesional que Construye Chile<\/h1>\t\t\t\t<\/div>\n\t\t\t\t<\/div>\n\t\t\t\t<div class=\"elementor-element elementor-element-0e640ef elementor-widget elementor-widget-text-editor\" data-id=\"0e640ef\" data-element_type=\"widget\" data-widget_type=\"text-editor.default\">\n\t\t\t\t<div class=\"elementor-widget-container\">\n\t\t\t\t\t\t\t\t\t<p>Nuestra Comunidad Profesional tiene como objetivo potenciar el crecimiento y excelencia de los Ingenieros Constructores y Constructores Civiles Chilenos, impulsando as\u00ed el desarrollo profesional de las nuevas generaciones. <a href=\"https:\/\/ingenieroconstructor.cl\/iconstructor\/ingreso\/\">\u00a1\u00danete a nosotros<\/a> y forma parte de una red comprometida con el \u00e9xito y avance de la industria de la construcci\u00f3n en Chile<\/p>\t\t\t\t\t\t\t\t<\/div>\n\t\t\t\t<\/div>\n\t\t\t\t\t<\/div>\n\t\t<\/div>\n\t\t\t\t\t<\/div>\n\t\t<\/section>\n\t\t\t\t<section class=\"elementor-section elementor-top-section elementor-element elementor-element-2433f89 elementor-section-boxed elementor-section-height-default elementor-section-height-default\" data-id=\"2433f89\" data-element_type=\"section\">\n\t\t\t\t\t\t<div class=\"elementor-container elementor-column-gap-default\">\n\t\t\t\t\t<div class=\"elementor-column elementor-col-100 elementor-top-column elementor-element elementor-element-eb847d7\" data-id=\"eb847d7\" data-element_type=\"column\">\n\t\t\t<div class=\"elementor-widget-wrap elementor-element-populated\">\n\t\t\t\t\t\t<div class=\"elementor-element elementor-element-33aa0e9 elementor-shape-rounded elementor-grid-0 e-grid-align-center elementor-widget elementor-widget-social-icons\" data-id=\"33aa0e9\" data-element_type=\"widget\" data-widget_type=\"social-icons.default\">\n\t\t\t\t<div class=\"elementor-widget-container\">\n\t\t\t\t\t\t\t<div class=\"elementor-social-icons-wrapper elementor-grid\" role=\"list\">\n\t\t\t\t\t\t\t<span class=\"elementor-grid-item\" role=\"listitem\">\n\t\t\t\t\t<a class=\"elementor-icon elementor-social-icon elementor-social-icon- elementor-repeater-item-b5bb797\" href=\"https:\/\/www.tiktok.com\/@ingenieroconstructor.cl\" target=\"_blank\">\n\t\t\t\t\t\t<span class=\"elementor-screen-only\"><\/span>\n\t\t\t\t\t\t<svg xmlns=\"http:\/\/www.w3.org\/2000\/svg\" viewBox=\"0 0 50 50\" width=\"100px\" height=\"100px\"><path d=\"M41,4H9C6.243,4,4,6.243,4,9v32c0,2.757,2.243,5,5,5h32c2.757,0,5-2.243,5-5V9C46,6.243,43.757,4,41,4z M37.006,22.323 c-0.227,0.021-0.457,0.035-0.69,0.035c-2.623,0-4.928-1.349-6.269-3.388c0,5.349,0,11.435,0,11.537c0,4.709-3.818,8.527-8.527,8.527 s-8.527-3.818-8.527-8.527s3.818-8.527,8.527-8.527c0.178,0,0.352,0.016,0.527,0.027v4.202c-0.175-0.021-0.347-0.053-0.527-0.053 c-2.404,0-4.352,1.948-4.352,4.352s1.948,4.352,4.352,4.352s4.527-1.894,4.527-4.298c0-0.095,0.042-19.594,0.042-19.594h4.016 c0.378,3.591,3.277,6.425,6.901,6.685V22.323z\"><\/path><\/svg>\t\t\t\t\t<\/a>\n\t\t\t\t<\/span>\n\t\t\t\t\t\t\t<span class=\"elementor-grid-item\" role=\"listitem\">\n\t\t\t\t\t<a class=\"elementor-icon elementor-social-icon elementor-social-icon-facebook elementor-repeater-item-7b794a7\" href=\"https:\/\/www.facebook.com\/ingenieroconstructror.cl\" target=\"_blank\">\n\t\t\t\t\t\t<span class=\"elementor-screen-only\">Facebook<\/span>\n\t\t\t\t\t\t<i class=\"fab fa-facebook\"><\/i>\t\t\t\t\t<\/a>\n\t\t\t\t<\/span>\n\t\t\t\t\t\t\t<span class=\"elementor-grid-item\" role=\"listitem\">\n\t\t\t\t\t<a class=\"elementor-icon elementor-social-icon elementor-social-icon-linkedin elementor-repeater-item-741bcce\" href=\"https:\/\/www.linkedin.com\/company\/ingenieroconstructor-cl\/?viewAsMember=true\" target=\"_blank\">\n\t\t\t\t\t\t<span class=\"elementor-screen-only\">Linkedin<\/span>\n\t\t\t\t\t\t<i class=\"fab fa-linkedin\"><\/i>\t\t\t\t\t<\/a>\n\t\t\t\t<\/span>\n\t\t\t\t\t\t\t<span class=\"elementor-grid-item\" role=\"listitem\">\n\t\t\t\t\t<a class=\"elementor-icon elementor-social-icon elementor-social-icon-instagram elementor-repeater-item-ddf9527\" href=\"https:\/\/www.instagram.com\/ingenieroconstructor_cl\/\" target=\"_blank\">\n\t\t\t\t\t\t<span class=\"elementor-screen-only\">Instagram<\/span>\n\t\t\t\t\t\t<i class=\"fab fa-instagram\"><\/i>\t\t\t\t\t<\/a>\n\t\t\t\t<\/span>\n\t\t\t\t\t\t\t<span class=\"elementor-grid-item\" role=\"listitem\">\n\t\t\t\t\t<a class=\"elementor-icon elementor-social-icon elementor-social-icon-youtube elementor-repeater-item-0a14a99\" href=\"https:\/\/www.youtube.com\/@Ingenieroconstructor_cl\" target=\"_blank\">\n\t\t\t\t\t\t<span class=\"elementor-screen-only\">Youtube<\/span>\n\t\t\t\t\t\t<i class=\"fab fa-youtube\"><\/i>\t\t\t\t\t<\/a>\n\t\t\t\t<\/span>\n\t\t\t\t\t<\/div>\n\t\t\t\t\t\t<\/div>\n\t\t\t\t<\/div>\n\t\t\t\t\t<\/div>\n\t\t<\/div>\n\t\t\t\t\t<\/div>\n\t\t<\/section>\n\t\t\t\t<section class=\"elementor-section elementor-top-section elementor-element elementor-element-fa76190 elementor-section-boxed elementor-section-height-default elementor-section-height-default\" data-id=\"fa76190\" data-element_type=\"section\">\n\t\t\t\t\t\t<div class=\"elementor-container elementor-column-gap-default\">\n\t\t\t\t\t<div class=\"elementor-column elementor-col-50 elementor-top-column elementor-element elementor-element-b7d3710\" data-id=\"b7d3710\" data-element_type=\"column\">\n\t\t\t<div class=\"elementor-widget-wrap elementor-element-populated\">\n\t\t\t\t\t\t<div class=\"elementor-element elementor-element-d97d195 elementor-widget elementor-widget-text-editor\" data-id=\"d97d195\" data-element_type=\"widget\" data-widget_type=\"text-editor.default\">\n\t\t\t\t<div class=\"elementor-widget-container\">\n\t\t\t\t\t\t\t\t\t<h1><img decoding=\"async\" src=\"https:\/\/www.worldofconcrete.com\/content\/markets\/na\/ic\/world-of-concrete\/en\/_jcr_content\/root\/header\/responsivegrid_82016796\/responsivegrid_1895771340\/responsivegrid_697066250\/responsivegrid_28088\/responsivegrid_1934214659\/responsivegrid\/image_copy.coreimg.100.512.png\/1769120798111\/cre27woc-lil-woc-logo.png\" alt=\"World of Concrete\" \/>\u00a02027<\/h1><p data-start=\"181\" data-end=\"263\"><strong data-start=\"181\" data-end=\"263\">Reserva la fecha y s\u00e9 parte de la Delegaci\u00f3n Chilena en World of Concrete 2027<\/strong><\/p><p data-start=\"265\" data-end=\"468\">Entre el <strong data-start=\"274\" data-end=\"305\">19 y el 21 de enero de 2027<\/strong>, se realizar\u00e1 en el <strong data-start=\"326\" data-end=\"357\">Las Vegas Convention Center<\/strong> uno de los eventos m\u00e1s importantes del mundo para la industria de la construcci\u00f3n: <strong data-start=\"441\" data-end=\"467\">World of Concrete 2027<\/strong>.<\/p><p data-start=\"470\" data-end=\"623\">Desde <strong data-start=\"476\" data-end=\"503\">IngenieroConstructor.cl<\/strong> estamos organizando una <strong data-start=\"528\" data-end=\"550\">Delegaci\u00f3n Chilena<\/strong> para participar en esta feria internacional, una oportunidad \u00fanica para:<\/p><ul data-start=\"625\" data-end=\"896\"><li data-section-id=\"1wovqc4\" data-start=\"625\" data-end=\"699\"><p data-start=\"627\" data-end=\"699\">Conocer las \u00faltimas <strong data-start=\"647\" data-end=\"697\">tecnolog\u00edas y maquinarias para la construcci\u00f3n<\/strong><\/p><\/li><li data-section-id=\"1wovqc4\" data-start=\"625\" data-end=\"699\"><p data-start=\"627\" data-end=\"699\"><span style=\"font-style: inherit; font-weight: inherit;\">Conectarse con <\/span><strong style=\"font-style: inherit;\" data-start=\"717\" data-end=\"753\">empresas l\u00edderes a nivel mundial<\/strong><\/p><\/li><li data-section-id=\"t5hc12\" data-start=\"756\" data-end=\"818\"><p data-start=\"758\" data-end=\"818\">Generar <strong data-start=\"766\" data-end=\"816\">redes profesionales y oportunidades de negocio<\/strong><\/p><\/li><li data-section-id=\"j2xvmx\" data-start=\"819\" data-end=\"896\"><p data-start=\"821\" data-end=\"896\">Anticipar las <strong data-start=\"835\" data-end=\"896\">tendencias que marcar\u00e1n la pr\u00f3xima d\u00e9cada de la industria<\/strong><\/p><\/li><\/ul><p data-start=\"898\" data-end=\"1043\">La invitaci\u00f3n est\u00e1 <strong data-start=\"917\" data-end=\"980\">abierta tanto para socios como para profesionales no socios<\/strong> interesados en formar parte de esta experiencia internacional.<\/p><p data-start=\"1045\" data-end=\"1268\"><img decoding=\"async\" class=\"emoji\" role=\"img\" draggable=\"false\" src=\"https:\/\/s.w.org\/images\/core\/emoji\/17.0.2\/svg\/1f4e9.svg\" alt=\"\ud83d\udce9\" \/> <strong data-start=\"1048\" data-end=\"1083\">Preinscripci\u00f3n Delegaci\u00f3n Chile<\/strong><br data-start=\"1083\" data-end=\"1086\" \/>Env\u00eda tu <strong data-start=\"1201\" data-end=\"1230\">preinscripci\u00f3n al correo:<\/strong><br data-start=\"1230\" data-end=\"1233\" \/><strong data-start=\"1233\" data-end=\"1268\"><a class=\"decorated-link cursor-pointer\" rel=\"noopener\" data-start=\"1235\" data-end=\"1266\">eventos@ingenieroconstructor.cl<\/a><\/strong><\/p><p data-start=\"1270\" data-end=\"1286\">Cupos limitados.<\/p><p data-start=\"1288\" data-end=\"1391\"><strong data-start=\"1288\" data-end=\"1391\">S\u00famate a la Delegaci\u00f3n Chilena y vive una de las ferias m\u00e1s influyentes de la construcci\u00f3n mundial.<\/strong><\/p>\t\t\t\t\t\t\t\t<\/div>\n\t\t\t\t<\/div>\n\t\t\t\t\t<\/div>\n\t\t<\/div>\n\t\t\t\t<div class=\"elementor-column elementor-col-50 elementor-top-column elementor-element elementor-element-34ad923\" data-id=\"34ad923\" data-element_type=\"column\">\n\t\t\t<div class=\"elementor-widget-wrap elementor-element-populated\">\n\t\t\t\t\t\t<div class=\"elementor-element elementor-element-6d573e0 elementor-widget elementor-widget-text-editor\" data-id=\"6d573e0\" data-element_type=\"widget\" data-widget_type=\"text-editor.default\">\n\t\t\t\t<div class=\"elementor-widget-container\">\n\t\t\t\t\t\t\t\t\t<h5><img decoding=\"async\" src=\"https:\/\/static.wixstatic.com\/media\/d5a8a5_9dd852f6c9f94440bf18b52de903af00~mv2.jpg\/v1\/fill\/w_979,h_552,fp_0.50_0.50,q_85,usm_0.66_1.00_0.01,enc_auto\/d5a8a5_9dd852f6c9f94440bf18b52de903af00~mv2.jpg\" alt=\"CONEXPO-CON\/AGG 2026\" \/><\/h5><h4>Ingenieroconstructor.cl presente en CONEXPO 2026 en Las Vegas<\/h4><p data-start=\"205\" data-end=\"433\">Durante este <strong data-start=\"218\" data-end=\"295\">2026 tuvimos la oportunidad de participar en CONEXPO-CON\/AGG en Las Vegas<\/strong>, uno de los eventos m\u00e1s importantes del mundo en materia de <strong data-start=\"356\" data-end=\"432\">maquinaria, tecnolog\u00eda y soluciones para la industria de la construcci\u00f3n<\/strong>.<\/p><p data-start=\"435\" data-end=\"789\">Como <strong data-start=\"440\" data-end=\"465\">Ingeniero Constructor<\/strong>, esta visita fue una instancia clave para <strong data-start=\"508\" data-end=\"564\">actualizarnos en las \u00faltimas tendencias tecnol\u00f3gicas<\/strong>, conocer de primera fuente la evoluci\u00f3n de los equipos y procesos constructivos, y participar en <strong data-start=\"662\" data-end=\"715\">talleres t\u00e9cnicos y presentaciones especializadas<\/strong> junto a profesionales y empresas l\u00edderes de la industria a nivel mundial.<\/p><p data-start=\"791\" data-end=\"880\"><span style=\"font-style: inherit; font-weight: inherit;\">CONEXPO es un evento <\/span><strong style=\"font-style: inherit;\" data-start=\"1098\" data-end=\"1110\">trianual<\/strong><span style=\"font-style: inherit; font-weight: inherit;\">, por lo que la pr\u00f3xima edici\u00f3n se realizar\u00e1 en <\/span><strong style=\"font-style: inherit;\" data-start=\"1158\" data-end=\"1166\">2029<\/strong><span style=\"font-style: inherit; font-weight: inherit;\">, instancia en la que esperamos nuevamente contar con participaci\u00f3n de profesionales de nuestra comunidad.. Visita nuestras redes sociales para ver imagenes del evento<\/span><\/p><h4 data-section-id=\"kyiulz\" data-start=\"1274\" data-end=\"1333\">Pr\u00f3xima actividad internacional: World of Concrete 2027<\/h4><p data-start=\"1335\" data-end=\"1520\">Mientras esperamos la pr\u00f3xima CONEXPO, ya nos encontramos preparando la participaci\u00f3n de profesionales en <strong data-start=\"1441\" data-end=\"1467\">World of Concrete 2027<\/strong>, que se realizar\u00e1 en <strong data-start=\"1489\" data-end=\"1519\">enero de 2027 en Las Vegas<\/strong>.<\/p><h3 data-start=\"1522\" data-end=\"1729\">\u00a0<\/h3>\t\t\t\t\t\t\t\t<\/div>\n\t\t\t\t<\/div>\n\t\t\t\t\t<\/div>\n\t\t<\/div>\n\t\t\t\t\t<\/div>\n\t\t<\/section>\n\t\t\t\t<\/div>\n\t\t","protected":false},"excerpt":{"rendered":"<p>Unimos a la Comunidad Profesional que Construye Chile Nuestra Comunidad Profesional tiene como objetivo potenciar el crecimiento y excelencia de los Ingenieros Constructores y Constructores Civiles Chilenos, impulsando as\u00ed el desarrollo profesional de las nuevas generaciones. \u00a1\u00danete a nosotros y forma parte de una red comprometida con el \u00e9xito y avance de la industria de [&hellip;]<\/p>\n","protected":false},"author":1,"featured_media":0,"parent":0,"menu_order":0,"comment_status":"closed","ping_status":"closed","template":"elementor_header_footer","meta":{"om_disable_all_campaigns":false,"_monsterinsights_skip_tracking":false,"_monsterinsights_sitenote_active":false,"_monsterinsights_sitenote_note":"","_monsterinsights_sitenote_category":0,"site-sidebar-layout":"no-sidebar","site-content-layout":"page-builder","ast-site-content-layout":"default","site-content-style":"default","site-sidebar-style":"default","ast-global-header-display":"","ast-banner-title-visibility":"","ast-main-header-display":"","ast-hfb-above-header-display":"","ast-hfb-below-header-display":"","ast-hfb-mobile-header-display":"","site-post-title":"","ast-breadcrumbs-content":"disabled","ast-featured-img":"disabled","footer-sml-layout":"","theme-transparent-header-meta":"enabled","adv-header-id-meta":"","stick-header-meta":"","header-above-stick-meta":"","header-main-stick-meta":"","header-below-stick-meta":"","astra-migrate-meta-layouts":"default","ast-page-background-enabled":"default","ast-page-background-meta":{"desktop":{"background-color":"","background-image":"","background-repeat":"repeat","background-position":"center center","background-size":"auto","background-attachment":"scroll","background-type":"","background-media":"","overlay-type":"","overlay-color":"","overlay-opacity":"","overlay-gradient":""},"tablet":{"background-color":"","background-image":"","background-repeat":"repeat","background-position":"center center","background-size":"auto","background-attachment":"scroll","background-type":"","background-media":"","overlay-type":"","overlay-color":"","overlay-opacity":"","overlay-gradient":""},"mobile":{"background-color":"","background-image":"","background-repeat":"repeat","background-position":"center center","background-size":"auto","background-attachment":"scroll","background-type":"","background-media":"","overlay-type":"","overlay-color":"","overlay-opacity":"","overlay-gradient":""}},"ast-content-background-meta":{"desktop":{"background-color":"var(--ast-global-color-5)","background-image":"","background-repeat":"repeat","background-position":"center center","background-size":"auto","background-attachment":"scroll","background-type":"","background-media":"","overlay-type":"","overlay-color":"","overlay-opacity":"","overlay-gradient":""},"tablet":{"background-color":"var(--ast-global-color-5)","background-image":"","background-repeat":"repeat","background-position":"center center","background-size":"auto","background-attachment":"scroll","background-type":"","background-media":"","overlay-type":"","overlay-color":"","overlay-opacity":"","overlay-gradient":""},"mobile":{"background-color":"var(--ast-global-color-5)","background-image":"","background-repeat":"repeat","background-position":"center center","background-size":"auto","background-attachment":"scroll","background-type":"","background-media":"","overlay-type":"","overlay-color":"","overlay-opacity":"","overlay-gradient":""}},"footnotes":""},"class_list":["post-1355","page","type-page","status-publish","hentry"],"aioseo_notices":[],"jetpack_sharing_enabled":true,"_links":{"self":[{"href":"https:\/\/ingenieroconstructor.cl\/iconstructor\/index.php?rest_route=\/wp\/v2\/pages\/1355","targetHints":{"allow":["GET"]}}],"collection":[{"href":"https:\/\/ingenieroconstructor.cl\/iconstructor\/index.php?rest_route=\/wp\/v2\/pages"}],"about":[{"href":"https:\/\/ingenieroconstructor.cl\/iconstructor\/index.php?rest_route=\/wp\/v2\/types\/page"}],"author":[{"embeddable":true,"href":"https:\/\/ingenieroconstructor.cl\/iconstructor\/index.php?rest_route=\/wp\/v2\/users\/1"}],"replies":[{"embeddable":true,"href":"https:\/\/ingenieroconstructor.cl\/iconstructor\/index.php?rest_route=%2Fwp%2Fv2%2Fcomments&post=1355"}],"version-history":[{"count":184,"href":"https:\/\/ingenieroconstructor.cl\/iconstructor\/index.php?rest_route=\/wp\/v2\/pages\/1355\/revisions"}],"predecessor-version":[{"id":2164,"href":"https:\/\/ingenieroconstructor.cl\/iconstructor\/index.php?rest_route=\/wp\/v2\/pages\/1355\/revisions\/2164"}],"wp:attachment":[{"href":"https:\/\/ingenieroconstructor.cl\/iconstructor\/index.php?rest_route=%2Fwp%2Fv2%2Fmedia&parent=1355"}],"curies":[{"name":"wp","href":"https:\/\/api.w.org\/{rel}","templated":true}]}}